{"id":7302,"date":"2021-12-21T14:24:39","date_gmt":"2021-12-21T14:24:39","guid":{"rendered":"http:\/\/test.cyraco.com\/?page_id=7302"},"modified":"2025-09-18T16:30:26","modified_gmt":"2025-09-18T16:30:26","slug":"impressum","status":"publish","type":"page","link":"https:\/\/cyraco.com\/en\/impressum\/","title":{"rendered":"Legal Notice"},"content":{"rendered":"<p><strong>Legal Notice<br><\/strong><strong>Angaben gem\u00e4\u00df \u00a7 5 TMG<\/strong><\/p>\n\n\n\n<p>CYRACO GmbH<br>Gereonstra\u00dfe 43-65<br>50670 K\u00f6ln<\/p>\n\n\n\n<p>Handelsregister: HRB 90930 Registergericht: Amtsgericht K\u00f6ln<\/p>\n\n\n\n<p><strong>Vertreten durch:<\/strong><\/p>\n\n\n\n<p>Constantin Kontargyris<\/p>\n\n\n\n<p><strong>Contact<\/strong><\/p>\n\n\n\n<p>E-Mail: info@cyraco.com<\/p>\n\n\n\n<p><strong>Postadresse<\/strong><\/p>\n\n\n\n<p>Gereonstra\u00dfe 43-65<\/p>\n\n\n\n<p>50670 K\u00f6ln<\/p>\n\n\n\n<p><strong>Umsatzsteuer-ID<\/strong><\/p>\n\n\n\n<p>Umsatzsteuer-Identifikationsnummer gem\u00e4\u00df \u00a7 27 a Umsatzsteuergesetz: DE312612541<\/p>\n\n\n\n<p><strong>Redaktionell verantwortlich<\/strong><\/p>\n\n\n\n<p>CYRACO GmbH Gereonstra\u00dfe 43-65<\/p>\n\n\n\n<p>50670 K\u00f6ln<\/p>\n\n\n\n<p><strong>EU-Streitschlichtung<\/strong><\/p>\n\n\n\n<p>Die Europ\u00e4ische Kommission stellt eine Plattform zur Online-Streitbeilegung (OS) bereit: https:\/\/ec.europa.eu\/consumers\/odr\/.<br>Unsere E-Mail-Adresse finden Sie oben im Impressum.<\/p>\n\n\n\n<p><strong>Verbraucherstreitbeilegung\/Universalschlichtungsstelle<\/strong><\/p>\n\n\n\n<p>Wir sind nicht bereit oder verpflichtet, an Streitbeilegungsverfahren vor einer Verbraucherschlichtungsstelle teilzunehmen.<\/p>","protected":false},"excerpt":{"rendered":"<p>ImpressumAngaben gem\u00e4\u00df \u00a7 5 TMG CYRACO GmbHGereonstra\u00dfe 43-6550670 K\u00f6ln Handelsregister: HRB 90930 Registergericht: Amtsgericht K\u00f6ln Vertreten durch: Constantin Kontargyris Kontakt E-Mail: info@cyraco.com Postadresse Gereonstra\u00dfe 43-65 50670 K\u00f6ln Umsatzsteuer-ID Umsatzsteuer-Identifikationsnummer gem\u00e4\u00df \u00a7 27 a Umsatzsteuergesetz: DE312612541 Redaktionell verantwortlich CYRACO GmbH Gereonstra\u00dfe 43-65 50670 K\u00f6ln EU-Streitschlichtung Die Europ\u00e4ische Kommission stellt eine Plattform zur Online-Streitbeilegung (OS) bereit: https:\/\/ec.europa.eu\/consumers\/odr\/.Unsere [&hellip;]<\/p>\n","protected":false},"author":1,"featured_media":0,"parent":0,"menu_order":0,"comment_status":"closed","ping_status":"closed","template":"","meta":{"footnotes":""},"class_list":["post-7302","page","type-page","status-publish","hentry"],"yoast_head":"<!-- This site is optimized with the Yoast SEO plugin v27.4 - https:\/\/yoast.com\/product\/yoast-seo-wordpress\/ -->\n<title>Cyraco - Inspect Remotely, Inspect Efficiently<\/title>\n<meta name=\"description\" content=\"CYRACO helps companies in the TIC industry to inspect and audit their respective facilities easily &amp; remotely using modern technologies.\" \/>\n<meta name=\"robots\" content=\"index, follow, max-snippet:-1, max-image-preview:large, max-video-preview:-1\" \/>\n<link rel=\"canonical\" href=\"https:\/\/cyraco.com\/en\/impressum\/\" \/>\n<meta property=\"og:locale\" content=\"en_US\" \/>\n<meta property=\"og:type\" content=\"article\" \/>\n<meta property=\"og:title\" content=\"Cyraco - Inspect Remotely, Inspect Efficiently\" \/>\n<meta property=\"og:description\" content=\"CYRACO helps companies in the TIC industry to inspect and audit their respective facilities easily &amp; remotely using modern technologies.\" \/>\n<meta property=\"og:url\" content=\"https:\/\/cyraco.com\/en\/impressum\/\" \/>\n<meta property=\"og:site_name\" content=\"Cyraco\" \/>\n<meta property=\"article:modified_time\" content=\"2025-09-18T16:30:26+00:00\" \/>\n<meta name=\"twitter:card\" content=\"summary_large_image\" \/>\n<meta name=\"twitter:label1\" content=\"Est. reading time\" \/>\n\t<meta name=\"twitter:data1\" content=\"1 minute\" \/>\n<script type=\"application\/ld+json\" class=\"yoast-schema-graph\">{\"@context\":\"https:\\\/\\\/schema.org\",\"@graph\":[{\"@type\":\"WebPage\",\"@id\":\"https:\\\/\\\/cyraco.com\\\/impressum\\\/\",\"url\":\"https:\\\/\\\/cyraco.com\\\/impressum\\\/\",\"name\":\"Cyraco - Inspect Remotely, Inspect Efficiently\",\"isPartOf\":{\"@id\":\"https:\\\/\\\/cyraco.com\\\/#website\"},\"datePublished\":\"2021-12-21T14:24:39+00:00\",\"dateModified\":\"2025-09-18T16:30:26+00:00\",\"description\":\"CYRACO helps companies in the TIC industry to inspect and audit their respective facilities easily & remotely using modern technologies.\",\"breadcrumb\":{\"@id\":\"https:\\\/\\\/cyraco.com\\\/impressum\\\/#breadcrumb\"},\"inLanguage\":\"en-US\",\"potentialAction\":[{\"@type\":\"ReadAction\",\"target\":[\"https:\\\/\\\/cyraco.com\\\/impressum\\\/\"]}]},{\"@type\":\"BreadcrumbList\",\"@id\":\"https:\\\/\\\/cyraco.com\\\/impressum\\\/#breadcrumb\",\"itemListElement\":[{\"@type\":\"ListItem\",\"position\":1,\"name\":\"Home\",\"item\":\"https:\\\/\\\/cyraco.com\\\/\"},{\"@type\":\"ListItem\",\"position\":2,\"name\":\"Impressum\"}]},{\"@type\":\"WebSite\",\"@id\":\"https:\\\/\\\/cyraco.com\\\/#website\",\"url\":\"https:\\\/\\\/cyraco.com\\\/\",\"name\":\"Cyraco\",\"description\":\"Inspect Remotely, Inspect Efficiently\",\"publisher\":{\"@id\":\"https:\\\/\\\/cyraco.com\\\/#organization\"},\"potentialAction\":[{\"@type\":\"SearchAction\",\"target\":{\"@type\":\"EntryPoint\",\"urlTemplate\":\"https:\\\/\\\/cyraco.com\\\/?s={search_term_string}\"},\"query-input\":{\"@type\":\"PropertyValueSpecification\",\"valueRequired\":true,\"valueName\":\"search_term_string\"}}],\"inLanguage\":\"en-US\"},{\"@type\":\"Organization\",\"@id\":\"https:\\\/\\\/cyraco.com\\\/#organization\",\"name\":\"CYRACO GmbH\",\"url\":\"https:\\\/\\\/cyraco.com\\\/\",\"logo\":{\"@type\":\"ImageObject\",\"inLanguage\":\"en-US\",\"@id\":\"https:\\\/\\\/cyraco.com\\\/#\\\/schema\\\/logo\\\/image\\\/\",\"url\":\"https:\\\/\\\/cyraco.com\\\/wp-content\\\/uploads\\\/Zeichenflache-1.png\",\"contentUrl\":\"https:\\\/\\\/cyraco.com\\\/wp-content\\\/uploads\\\/Zeichenflache-1.png\",\"width\":1704,\"height\":541,\"caption\":\"CYRACO GmbH\"},\"image\":{\"@id\":\"https:\\\/\\\/cyraco.com\\\/#\\\/schema\\\/logo\\\/image\\\/\"}}]}<\/script>\n<!-- \/ Yoast SEO plugin. -->","yoast_head_json":{"title":"Cyraco - Inspect Remotely, Inspect Efficiently","description":"CYRACO helps companies in the TIC industry to inspect and audit their respective facilities easily & remotely using modern technologies.","robots":{"index":"index","follow":"follow","max-snippet":"max-snippet:-1","max-image-preview":"max-image-preview:large","max-video-preview":"max-video-preview:-1"},"canonical":"https:\/\/cyraco.com\/en\/impressum\/","og_locale":"en_US","og_type":"article","og_title":"Cyraco - Inspect Remotely, Inspect Efficiently","og_description":"CYRACO helps companies in the TIC industry to inspect and audit their respective facilities easily & remotely using modern technologies.","og_url":"https:\/\/cyraco.com\/en\/impressum\/","og_site_name":"Cyraco","article_modified_time":"2025-09-18T16:30:26+00:00","twitter_card":"summary_large_image","twitter_misc":{"Est. reading time":"1 minute"},"schema":{"@context":"https:\/\/schema.org","@graph":[{"@type":"WebPage","@id":"https:\/\/cyraco.com\/impressum\/","url":"https:\/\/cyraco.com\/impressum\/","name":"Cyraco - Inspect Remotely, Inspect Efficiently","isPartOf":{"@id":"https:\/\/cyraco.com\/#website"},"datePublished":"2021-12-21T14:24:39+00:00","dateModified":"2025-09-18T16:30:26+00:00","description":"CYRACO helps companies in the TIC industry to inspect and audit their respective facilities easily & remotely using modern technologies.","breadcrumb":{"@id":"https:\/\/cyraco.com\/impressum\/#breadcrumb"},"inLanguage":"en-US","potentialAction":[{"@type":"ReadAction","target":["https:\/\/cyraco.com\/impressum\/"]}]},{"@type":"BreadcrumbList","@id":"https:\/\/cyraco.com\/impressum\/#breadcrumb","itemListElement":[{"@type":"ListItem","position":1,"name":"Home","item":"https:\/\/cyraco.com\/"},{"@type":"ListItem","position":2,"name":"Impressum"}]},{"@type":"WebSite","@id":"https:\/\/cyraco.com\/#website","url":"https:\/\/cyraco.com\/","name":"Cyraco","description":"Inspect Remotely, Inspect Efficiently","publisher":{"@id":"https:\/\/cyraco.com\/#organization"},"potentialAction":[{"@type":"SearchAction","target":{"@type":"EntryPoint","urlTemplate":"https:\/\/cyraco.com\/?s={search_term_string}"},"query-input":{"@type":"PropertyValueSpecification","valueRequired":true,"valueName":"search_term_string"}}],"inLanguage":"en-US"},{"@type":"Organization","@id":"https:\/\/cyraco.com\/#organization","name":"CYRACO GmbH","url":"https:\/\/cyraco.com\/","logo":{"@type":"ImageObject","inLanguage":"en-US","@id":"https:\/\/cyraco.com\/#\/schema\/logo\/image\/","url":"https:\/\/cyraco.com\/wp-content\/uploads\/Zeichenflache-1.png","contentUrl":"https:\/\/cyraco.com\/wp-content\/uploads\/Zeichenflache-1.png","width":1704,"height":541,"caption":"CYRACO GmbH"},"image":{"@id":"https:\/\/cyraco.com\/#\/schema\/logo\/image\/"}}]}},"_links":{"self":[{"href":"https:\/\/cyraco.com\/en\/wp-json\/wp\/v2\/pages\/7302","targetHints":{"allow":["GET"]}}],"collection":[{"href":"https:\/\/cyraco.com\/en\/wp-json\/wp\/v2\/pages"}],"about":[{"href":"https:\/\/cyraco.com\/en\/wp-json\/wp\/v2\/types\/page"}],"author":[{"embeddable":true,"href":"https:\/\/cyraco.com\/en\/wp-json\/wp\/v2\/users\/1"}],"replies":[{"embeddable":true,"href":"https:\/\/cyraco.com\/en\/wp-json\/wp\/v2\/comments?post=7302"}],"version-history":[{"count":5,"href":"https:\/\/cyraco.com\/en\/wp-json\/wp\/v2\/pages\/7302\/revisions"}],"predecessor-version":[{"id":9453,"href":"https:\/\/cyraco.com\/en\/wp-json\/wp\/v2\/pages\/7302\/revisions\/9453"}],"wp:attachment":[{"href":"https:\/\/cyraco.com\/en\/wp-json\/wp\/v2\/media?parent=7302"}],"curies":[{"name":"wp","href":"https:\/\/api.w.org\/{rel}","templated":true}]}}